{"id":3,"date":"2025-03-13T20:04:45","date_gmt":"2025-03-13T17:04:45","guid":{"rendered":"https:\/\/www.ostimbulsomine.com\/?page_id=3"},"modified":"2025-03-20T16:53:38","modified_gmt":"2025-03-20T13:53:38","slug":"gizlilik-ilkesi","status":"publish","type":"page","link":"https:\/\/www.ostimbulsomine.com\/index.php\/gizlilik-ilkesi\/","title":{"rendered":"Gizlilik Politikas\u0131"},"content":{"rendered":"\r\n<p data-start=\"178\" data-end=\"647\"><strong data-start=\"178\" data-end=\"197\">Ostimbul \u015e\u00f6mine<\/strong> olarak, web sitemizi ziyaret etti\u011finizde veya hizmetlerimizi kulland\u0131\u011f\u0131n\u0131zda, ki\u015fisel verilerinizin g\u00fcvenli\u011fi bizim i\u00e7in b\u00fcy\u00fck \u00f6nem ta\u015f\u0131maktad\u0131r. Bu Gizlilik Politikas\u0131, <a href=\"http:\/\/www.ostimbulsomine.com\" target=\"_new\" rel=\"noopener\" data-start=\"368\" data-end=\"390\">www.ostimbulsomine.com<\/a> adresi \u00fczerinden sa\u011flad\u0131\u011f\u0131m\u0131z hizmetlerle ilgili olarak, toplad\u0131\u011f\u0131m\u0131z ki\u015fisel verileri nas\u0131l kulland\u0131\u011f\u0131m\u0131z\u0131, saklad\u0131\u011f\u0131m\u0131z\u0131, payla\u015ft\u0131\u011f\u0131m\u0131z\u0131 ve korudu\u011fumuzu a\u00e7\u0131k\u00e7a belirtmektedir. Web sitemizi kullanarak, bu politikay\u0131 kabul etti\u011finizi onaylam\u0131\u015f oluyorsunuz.<\/p>\r\n<h4 class=\"wp-block-heading\" data-start=\"649\" data-end=\"689\">1. <strong data-start=\"657\" data-end=\"689\">Toplad\u0131\u011f\u0131m\u0131z Ki\u015fisel Veriler<\/strong><\/h4>\r\n<p data-start=\"691\" data-end=\"809\">Web sitemizi ziyaret ederken, \u00e7e\u015fitli ki\u015fisel bilgiler toplanabilir. Bu bilgiler, \u015fu \u015fekilde kategorilere ayr\u0131labilir:<\/p>\r\n<ul data-start=\"811\" data-end=\"1440\">\r\n<li data-start=\"811\" data-end=\"893\"><strong data-start=\"813\" data-end=\"833\">Kimlik Bilgileri<\/strong>: Ad, soyad, do\u011fum tarihi gibi ki\u015fisel tan\u0131mlay\u0131c\u0131 bilgiler.<\/li>\r\n<li data-start=\"894\" data-end=\"984\"><strong data-start=\"896\" data-end=\"918\">\u0130leti\u015fim Bilgileri<\/strong>: E-posta adresi, telefon numaras\u0131, adres gibi ileti\u015fim bilgileri.<\/li>\r\n<li data-start=\"985\" data-end=\"1213\"><strong data-start=\"987\" data-end=\"1008\">Finansal Bilgiler<\/strong>: Sat\u0131n al\u0131mlar yap\u0131ld\u0131\u011f\u0131nda, kredi kart\u0131 veya \u00f6deme bilgileri gibi finansal bilgiler (\u00d6deme i\u015flemleri, \u00fc\u00e7\u00fcnc\u00fc parti \u00f6deme sa\u011flay\u0131c\u0131lar\u0131 taraf\u0131ndan i\u015flenir, biz sadece i\u015flem i\u00e7in gerekli bilgileri al\u0131r\u0131z).<\/li>\r\n<li data-start=\"1214\" data-end=\"1312\"><strong data-start=\"1216\" data-end=\"1241\">Kullan\u0131c\u0131 Hareketleri<\/strong>: Web sitemizde gezinme, t\u0131klama, arama yapma gibi davran\u0131\u015fsal veriler.<\/li>\r\n<li data-start=\"1313\" data-end=\"1440\"><strong data-start=\"1315\" data-end=\"1337\">\u00c7erezler (Cookies)<\/strong>: Web taray\u0131c\u0131n\u0131z taraf\u0131ndan kullan\u0131lan \u00e7erezler, siteyi nas\u0131l kulland\u0131\u011f\u0131n\u0131z\u0131 anlamam\u0131za yard\u0131mc\u0131 olur.<\/li>\r\n<\/ul>\r\n<h4 data-start=\"1442\" data-end=\"1478\">2. <strong data-start=\"1450\" data-end=\"1478\">Verilerin Kullan\u0131m Amac\u0131<\/strong><\/h4>\r\n<p data-start=\"1480\" data-end=\"1546\">Toplad\u0131\u011f\u0131m\u0131z ki\u015fisel veriler, a\u015fa\u011f\u0131daki ama\u00e7larla kullan\u0131lacakt\u0131r:<\/p>\r\n<ul data-start=\"1547\" data-end=\"2173\">\r\n<li data-start=\"1547\" data-end=\"1646\"><strong data-start=\"1549\" data-end=\"1567\">Hizmet Sa\u011flama<\/strong>: Sipari\u015flerinizi i\u015flemek, m\u00fc\u015fteri hizmetleri sa\u011flamak, teknik destek sa\u011flamak.<\/li>\r\n<li data-start=\"1647\" data-end=\"1825\"><strong data-start=\"1649\" data-end=\"1661\">\u0130leti\u015fim<\/strong>: Sizinle ileti\u015fim kurarak, \u00fcr\u00fcnlerimiz ve hizmetlerimiz hakk\u0131nda bilgi sa\u011flamak, b\u00fclten g\u00f6ndermek, pazarlama faaliyetleri ger\u00e7ekle\u015ftirmek (onay\u0131n\u0131z do\u011frultusunda).<\/li>\r\n<li data-start=\"1826\" data-end=\"1938\"><strong data-start=\"1828\" data-end=\"1858\">Web Sitesi \u0130yile\u015ftirmeleri<\/strong>: Kullan\u0131c\u0131 deneyimini analiz etmek ve web sitesinin i\u015flevselli\u011fini geli\u015ftirmek.<\/li>\r\n<li data-start=\"1939\" data-end=\"2048\"><strong data-start=\"1941\" data-end=\"1968\">\u00d6zelle\u015ftirilmi\u015f Deneyim<\/strong>: Sizin tercihleriniz do\u011frultusunda, daha ki\u015fiselle\u015ftirilmi\u015f bir deneyim sunmak.<\/li>\r\n<li data-start=\"2049\" data-end=\"2173\"><strong data-start=\"2051\" data-end=\"2074\">Yasal Y\u00fck\u00fcml\u00fcl\u00fckler<\/strong>: Kanunlara, y\u00f6netmeliklere ve resmi taleplere uygun olarak, gerekti\u011finde ki\u015fisel verileri i\u015flemek.<\/li>\r\n<\/ul>\r\n<h4 data-start=\"2175\" data-end=\"2215\">3. <strong data-start=\"2183\" data-end=\"2215\">\u00c7erezler (Cookies) Kullan\u0131m\u0131<\/strong><\/h4>\r\n<p data-start=\"2217\" data-end=\"2481\">Web sitemizde \u00e7erezler kullan\u0131lmaktad\u0131r. \u00c7erezler, cihaz\u0131n\u0131za kaydedilen k\u00fc\u00e7\u00fck veri dosyalar\u0131d\u0131r ve web sitemizi kullan\u0131m\u0131n\u0131z\u0131 daha verimli hale getirir. \u00c7erezler sayesinde, kullan\u0131c\u0131 hareketlerini takip edebilir ve siteyi daha iyi bir \u015fekilde optimize edebiliriz.<\/p>\r\n<p data-start=\"2483\" data-end=\"2520\">\u00c7erezler \u015fu ama\u00e7larla kullan\u0131labilir:<\/p>\r\n<ul data-start=\"2521\" data-end=\"2644\">\r\n<li data-start=\"2521\" data-end=\"2557\">Kullan\u0131c\u0131 tercihlerini hat\u0131rlamak.<\/li>\r\n<li data-start=\"2558\" data-end=\"2599\">Web sitemizin kullan\u0131m\u0131n\u0131 analiz etmek.<\/li>\r\n<li data-start=\"2600\" data-end=\"2644\">Reklam ve pazarlama faaliyetleri y\u00fcr\u00fctmek.<\/li>\r\n<\/ul>\r\n<p data-start=\"2646\" data-end=\"2788\">\u00c7erezler hakk\u0131nda daha fazla bilgi almak ve bu teknolojilerin kullan\u0131m\u0131n\u0131 kontrol etmek i\u00e7in web taray\u0131c\u0131n\u0131z\u0131n ayarlar\u0131n\u0131 de\u011fi\u015ftirebilirsiniz.<\/p>\r\n<h4 data-start=\"2790\" data-end=\"2831\">4. <strong data-start=\"2798\" data-end=\"2831\">Verilerin Payla\u015f\u0131m\u0131 ve \u0130f\u015fas\u0131<\/strong><\/h4>\r\n<p data-start=\"2833\" data-end=\"2917\">Ki\u015fisel verileriniz, yaln\u0131zca a\u015fa\u011f\u0131daki durumlarda \u00fc\u00e7\u00fcnc\u00fc \u015fah\u0131slarla payla\u015f\u0131labilir:<\/p>\r\n<ul data-start=\"2918\" data-end=\"3386\">\r\n<li data-start=\"2918\" data-end=\"3074\"><strong data-start=\"2920\" data-end=\"2944\">Hizmet Sa\u011flay\u0131c\u0131lar\u0131<\/strong>: Web sitemizi i\u015fleten, \u00fcr\u00fcn ve hizmetleri sa\u011flayan \u00fc\u00e7\u00fcnc\u00fc \u015fah\u0131slarla (\u00f6deme i\u015flemleri, kargo \u015firketleri vb.) veri payla\u015f\u0131labilir.<\/li>\r\n<li data-start=\"3075\" data-end=\"3214\"><strong data-start=\"3077\" data-end=\"3100\">Yasal Gereklilikler<\/strong>: Yasal y\u00fck\u00fcml\u00fcl\u00fckler do\u011frultusunda, devlet yetkililerine veya d\u00fczenleyici kurumlara bilgi verilmesi gerekti\u011finde.<\/li>\r\n<li data-start=\"3215\" data-end=\"3386\"><strong data-start=\"3217\" data-end=\"3233\">\u0130\u015f Ortaklar\u0131<\/strong>: Pazarlama, reklam veya ara\u015ft\u0131rma \u015firketleri gibi i\u015f ortaklar\u0131m\u0131zla veriler payla\u015f\u0131labilir, ancak bu t\u00fcr payla\u015f\u0131m yaln\u0131zca sizin onay\u0131n\u0131zla ger\u00e7ekle\u015fir.<\/li>\r\n<\/ul>\r\n<h4 data-start=\"3388\" data-end=\"3414\">5. <strong data-start=\"3396\" data-end=\"3414\">Veri G\u00fcvenli\u011fi<\/strong><\/h4>\r\n<p data-start=\"3416\" data-end=\"3782\">Ki\u015fisel verilerinizin g\u00fcvenli\u011fini sa\u011flamak i\u00e7in fiziksel, elektronik ve idari \u00f6nlemler almaktay\u0131z. Web sitemizdeki veri g\u00fcvenli\u011fi, sekt\u00f6rdeki en iyi uygulamalara uygun olarak sa\u011flanmaktad\u0131r. Bununla birlikte, internet \u00fczerinden yap\u0131lan veri iletimi her zaman bir g\u00fcvenlik riski ta\u015f\u0131yabilir, bu nedenle verilerinizi her zaman g\u00fcvenli bir \u015fekilde payla\u015fman\u0131z \u00f6nerilir.<\/p>\r\n<h4 data-start=\"3784\" data-end=\"3815\">6. <strong data-start=\"3792\" data-end=\"3815\">Veri Sahibi Haklar\u0131<\/strong><\/h4>\r\n<p data-start=\"3817\" data-end=\"3956\">T\u00fcrk Ki\u015fisel Verilerin Korunmas\u0131 Kanunu (KVKK) kapsam\u0131nda, ki\u015fisel verilerinize ili\u015fkin baz\u0131 haklar\u0131n\u0131z bulunmaktad\u0131r. Bu haklar \u015funlard\u0131r:<\/p>\r\n<ul data-start=\"3957\" data-end=\"4427\">\r\n<li data-start=\"3957\" data-end=\"4037\"><strong data-start=\"3959\" data-end=\"3975\">Eri\u015fim Hakk\u0131<\/strong>: Toplanan ki\u015fisel verilerinize eri\u015fim hakk\u0131n\u0131z bulunmaktad\u0131r.<\/li>\r\n<li data-start=\"4038\" data-end=\"4131\"><strong data-start=\"4040\" data-end=\"4058\">D\u00fczeltme Hakk\u0131<\/strong>: Eksik veya yanl\u0131\u015f ki\u015fisel verilerinizi d\u00fczeltme hakk\u0131n\u0131z bulunmaktad\u0131r.<\/li>\r\n<li data-start=\"4132\" data-end=\"4201\"><strong data-start=\"4134\" data-end=\"4149\">Silme Hakk\u0131<\/strong>: Ki\u015fisel verilerinizi silme hakk\u0131n\u0131z bulunmaktad\u0131r.<\/li>\r\n<li data-start=\"4202\" data-end=\"4305\"><strong data-start=\"4204\" data-end=\"4234\">\u0130\u015flemeye \u0130tiraz Etme Hakk\u0131<\/strong>: Ki\u015fisel verilerinizin i\u015flenmesine itiraz etme hakk\u0131n\u0131z bulunmaktad\u0131r.<\/li>\r\n<li data-start=\"4306\" data-end=\"4427\"><strong data-start=\"4308\" data-end=\"4338\">Veri Ta\u015f\u0131nabilirli\u011fi Hakk\u0131<\/strong>: Ki\u015fisel verilerinizi ba\u015fka bir sistemde kullanmak amac\u0131yla alma hakk\u0131n\u0131z bulunmaktad\u0131r.<\/li>\r\n<\/ul>\r\n<p data-start=\"4429\" data-end=\"4492\">Bu haklar\u0131n\u0131z\u0131 kullanmak i\u00e7in bizimle ileti\u015fime ge\u00e7ebilirsiniz.<\/p>\r\n<h4 data-start=\"4494\" data-end=\"4525\">7. <strong data-start=\"4502\" data-end=\"4525\">Veri Saklama S\u00fcresi<\/strong><\/h4>\r\n<p data-start=\"4527\" data-end=\"4788\">Ki\u015fisel verileriniz, i\u015fleme amac\u0131na uygun olarak, yasal s\u00fcreler boyunca saklanacakt\u0131r. Yasal s\u00fcreler ge\u00e7tikten sonra, verileriniz g\u00fcvenli bir \u015fekilde silinecektir. E\u011fer bir i\u015flem i\u00e7in veri saklanmas\u0131 gerekliyse, yaln\u0131zca ilgili i\u015flem tamamlanana kadar saklan\u0131r.<\/p>\r\n<h4 data-start=\"4790\" data-end=\"4822\">8. <strong data-start=\"4798\" data-end=\"4822\">\u00c7ocuklar\u0131n Gizlili\u011fi<\/strong><\/h4>\r\n<p data-start=\"4824\" data-end=\"5029\">Web sitemiz, 18 ya\u015f\u0131ndan k\u00fc\u00e7\u00fck bireylerden ki\u015fisel veri toplamaz. E\u011fer bir \u00e7ocu\u011fun ki\u015fisel verilerinin topland\u0131\u011f\u0131n\u0131 fark ederseniz, bizimle ileti\u015fime ge\u00e7ebilir ve verilerin silinmesini talep edebilirsiniz.<\/p>\r\n<h4 data-start=\"5031\" data-end=\"5077\">9. <strong data-start=\"5039\" data-end=\"5077\">Gizlilik Politikas\u0131 De\u011fi\u015fiklikleri<\/strong><\/h4>\r\n<p data-start=\"5079\" data-end=\"5340\"><strong data-start=\"5079\" data-end=\"5098\">Ostimbul \u015e\u00f6mine<\/strong>, bu gizlilik politikas\u0131n\u0131 zaman zaman g\u00fcncelleyebilir. De\u011fi\u015fiklikler, web sitemiz \u00fczerinde yay\u0131mland\u0131\u011f\u0131 tarihten itibaren ge\u00e7erli olacakt\u0131r. Gizlilik politikam\u0131zdaki \u00f6nemli de\u011fi\u015fiklikleri bilgilendirme amac\u0131yla kullan\u0131c\u0131lar\u0131m\u0131za duyuraca\u011f\u0131z.<\/p>\r\n<h4 data-start=\"5342\" data-end=\"5373\">10. <strong data-start=\"5351\" data-end=\"5373\">\u0130leti\u015fim Bilgileri<\/strong><\/h4>\r\n<p data-start=\"5375\" data-end=\"5522\">Bu gizlilik politikas\u0131 hakk\u0131nda herhangi bir sorunuz veya endi\u015feniz varsa, bizimle a\u015fa\u011f\u0131daki ileti\u015fim kanallar\u0131 \u00fczerinden ileti\u015fime ge\u00e7ebilirsiniz:<\/p>\r\n<ul data-start=\"5524\" data-end=\"5665\">\r\n<li data-start=\"5524\" data-end=\"5562\"><strong data-start=\"5526\" data-end=\"5537\">E-posta<\/strong>: <a rel=\"noopener\" data-start=\"5539\" data-end=\"5562\">info@ostimbulsomine.com<\/a><\/li>\r\n<li data-start=\"5563\" data-end=\"5591\"><strong data-start=\"5565\" data-end=\"5576\">Telefon<\/strong>: 0544 994 3429<\/li>\r\n<li data-start=\"5592\" data-end=\"5665\"><strong data-start=\"5594\" data-end=\"5608\">Web sitesi<\/strong>: <a href=\"http:\/\/www.ostimbulsomine.com\" target=\"_new\" rel=\"noopener\" data-start=\"5610\" data-end=\"5665\">www.ostimbulsomine.com<\/a><\/li>\r\n<\/ul>\r\n<hr data-start=\"5667\" data-end=\"5670\" \/>\r\n<p data-start=\"5672\" data-end=\"5953\" data-is-last-node=\"\" data-is-only-node=\"\">Bu Gizlilik Politikas\u0131, kullan\u0131c\u0131lar\u0131n ki\u015fisel verilerinin nas\u0131l topland\u0131\u011f\u0131n\u0131, kullan\u0131ld\u0131\u011f\u0131n\u0131 ve korundu\u011funu detayl\u0131 bir \u015fekilde a\u00e7\u0131klamaktad\u0131r. Web sitenizin g\u00fcvenli\u011fini sa\u011flamak ve kullan\u0131c\u0131lar\u0131n gizlili\u011fini korumak amac\u0131yla en g\u00fcncel gizlilik politikalar\u0131n\u0131 uygulamak \u00f6nemlidir.<\/p>","protected":false},"excerpt":{"rendered":"<p>Ostimbul \u015e\u00f6mine olarak, web sitemizi ziyaret etti\u011finizde veya hizmetlerimizi kulland\u0131\u011f\u0131n\u0131zda, ki\u015fisel verilerinizin g\u00fcvenli\u011fi bizim i\u00e7in b\u00fcy\u00fck \u00f6nem ta\u015f\u0131maktad\u0131r. Bu Gizlilik Politikas\u0131, www.ostimbulsomine.com adresi \u00fczerinden sa\u011flad\u0131\u011f\u0131m\u0131z &hellip; <\/p>\n","protected":false},"author":1,"featured_media":0,"parent":0,"menu_order":0,"comment_status":"closed","ping_status":"open","template":"","meta":{"footnotes":""},"class_list":["post-3","page","type-page","status-publish","hentry"],"_links":{"self":[{"href":"https:\/\/www.ostimbulsomine.com\/index.php\/wp-json\/wp\/v2\/pages\/3","targetHints":{"allow":["GET"]}}],"collection":[{"href":"https:\/\/www.ostimbulsomine.com\/index.php\/wp-json\/wp\/v2\/pages"}],"about":[{"href":"https:\/\/www.ostimbulsomine.com\/index.php\/wp-json\/wp\/v2\/types\/page"}],"author":[{"embeddable":true,"href":"https:\/\/www.ostimbulsomine.com\/index.php\/wp-json\/wp\/v2\/users\/1"}],"replies":[{"embeddable":true,"href":"https:\/\/www.ostimbulsomine.com\/index.php\/wp-json\/wp\/v2\/comments?post=3"}],"version-history":[{"count":1,"href":"https:\/\/www.ostimbulsomine.com\/index.php\/wp-json\/wp\/v2\/pages\/3\/revisions"}],"predecessor-version":[{"id":171,"href":"https:\/\/www.ostimbulsomine.com\/index.php\/wp-json\/wp\/v2\/pages\/3\/revisions\/171"}],"wp:attachment":[{"href":"https:\/\/www.ostimbulsomine.com\/index.php\/wp-json\/wp\/v2\/media?parent=3"}],"curies":[{"name":"wp","href":"https:\/\/api.w.org\/{rel}","templated":true}]}}