{"id":2,"date":"2025-03-13T20:04:45","date_gmt":"2025-03-13T17:04:45","guid":{"rendered":"https:\/\/www.ostimbulsomine.com\/?page_id=2"},"modified":"2025-03-20T14:57:51","modified_gmt":"2025-03-20T11:57:51","slug":"ornek-sayfa","status":"publish","type":"page","link":"https:\/\/www.ostimbulsomine.com\/","title":{"rendered":"Ana Sayfa"},"content":{"rendered":"\r\n<h3 data-start=\"130\" data-end=\"188\"><strong data-start=\"134\" data-end=\"188\">Ostimbul \u015e\u00f6mine: Evinize S\u0131cakl\u0131k ve Estetik Kat\u0131n<\/strong><\/h3>\r\n<p data-start=\"190\" data-end=\"551\">Evinizin her k\u00f6\u015fesinde rahatl\u0131k ve s\u0131cakl\u0131k ar\u0131yorsan\u0131z, <strong data-start=\"247\" data-end=\"266\">Ostimbul \u015e\u00f6mine<\/strong> olarak size en iyi \u015f\u00f6mine \u00e7\u00f6z\u00fcmlerini sunuyoruz. Y\u0131llar\u0131n verdi\u011fi deneyim ve uzmanl\u0131kla, modern ve geleneksel tasar\u0131mlar\u0131 birle\u015ftirerek, mekanlar\u0131n\u0131za hem estetik hem de fonksiyonel de\u011fer kat\u0131yoruz. \u015e\u00f6minenizin her a\u00e7\u0131dan m\u00fckemmel olmas\u0131n\u0131 sa\u011flamak i\u00e7in, size \u00f6zel \u00e7\u00f6z\u00fcmler sunuyoruz.<\/p>\r\n<h4 data-start=\"553\" data-end=\"584\"><strong data-start=\"558\" data-end=\"584\">Neden Ostimbul \u015e\u00f6mine?<\/strong><\/h4>\r\n<p data-start=\"586\" data-end=\"838\">Ostimbul \u015e\u00f6mine, sadece \u0131s\u0131nma de\u011fil, ayn\u0131 zamanda ya\u015fam alanlar\u0131n\u0131z\u0131 \u015f\u0131kl\u0131kla doldurman\u0131z\u0131 sa\u011flar. <strong data-start=\"686\" data-end=\"714\">Y\u00fcksek kalite malzemeler<\/strong>, <strong data-start=\"716\" data-end=\"734\">\u015f\u0131k tasar\u0131mlar<\/strong> ve <strong data-start=\"738\" data-end=\"763\">geli\u015fmi\u015f teknolojiler<\/strong> kullanarak, her ihtimale uygun \u015f\u00f6mine modelleriyle evinizi d\u00f6n\u00fc\u015ft\u00fcr\u00fcyoruz.<\/p>\r\n<div>\u00a0<\/div>\r\n<p data-start=\"840\" data-end=\"966\"><br data-start=\"904\" data-end=\"907\" \/><em data-start=\"907\" data-end=\"966\">Modern ve \u015f\u0131k tasar\u0131mlar ile evinizin esteti\u011fini art\u0131r\u0131n.<\/em><\/p>\r\n<ul data-start=\"968\" data-end=\"1423\">\r\n<li data-start=\"968\" data-end=\"1131\"><strong data-start=\"970\" data-end=\"995\">Y\u00fcksek Kalite Malzeme<\/strong>: Her bir \u015f\u00f6mine modelinde kullan\u0131lan malzemeler, dayan\u0131kl\u0131 ve g\u00fcvenli olmas\u0131n\u0131n yan\u0131 s\u0131ra uzun y\u0131llar boyunca sorunsuz kullan\u0131m sa\u011flar.<\/li>\r\n<li data-start=\"1132\" data-end=\"1261\"><strong data-start=\"1134\" data-end=\"1169\">\u00c7evre Dostu ve Verimli \u00c7\u00f6z\u00fcmler<\/strong>: Hem enerji verimlili\u011fi sa\u011flayan, hem de do\u011faya zarar vermeyen yak\u0131t se\u00e7enekleri sunuyoruz.<\/li>\r\n<li data-start=\"1262\" data-end=\"1423\"><strong data-start=\"1264\" data-end=\"1291\">Farkl\u0131 \u015e\u00f6mine Modelleri<\/strong>: \u0130ster geleneksel, ister modern; her tarza uygun gazl\u0131, elektrikli, odunlu ve bioetanol \u015f\u00f6mineleri ile farkl\u0131 se\u00e7enekler sunuyoruz.<\/li>\r\n<\/ul>\r\n<hr data-start=\"1425\" data-end=\"1428\" \/>\r\n<h3 data-start=\"1430\" data-end=\"1477\"><strong data-start=\"1434\" data-end=\"1477\">\u015e\u00f6mine Se\u00e7erken Nelere Dikkat Edilmeli?<\/strong><\/h3>\r\n<p data-start=\"1479\" data-end=\"1666\">\u015e\u00f6mine se\u00e7imi, evinizin tarz\u0131, \u0131s\u0131nma ihtiyac\u0131 ve kullan\u0131m amac\u0131n\u0131za g\u00f6re yap\u0131lmal\u0131d\u0131r. \u0130htiya\u00e7lar\u0131n\u0131za uygun \u015f\u00f6mineyi se\u00e7erken, dikkat etmeniz gereken birka\u00e7 \u00f6nemli fakt\u00f6r bulunmaktad\u0131r:<\/p>\r\n<h4 data-start=\"1668\" data-end=\"1714\"><strong data-start=\"1673\" data-end=\"1714\">1. Yerinize Uygun \u015e\u00f6mine Modeli Se\u00e7in<\/strong><\/h4>\r\n<p data-start=\"1715\" data-end=\"2038\">Farkl\u0131 oda b\u00fcy\u00fckl\u00fcklerine ve yerle\u015fimlerine g\u00f6re farkl\u0131 \u015f\u00f6mine t\u00fcrleri vard\u0131r. <strong data-start=\"1794\" data-end=\"1818\">Elektrikli \u015f\u00f6mineler<\/strong>, <strong data-start=\"1820\" data-end=\"1839\">gazl\u0131 \u015f\u00f6mineler<\/strong> ve <strong data-start=\"1843\" data-end=\"1862\">ah\u015fap \u015f\u00f6mineler<\/strong> her biri farkl\u0131 avantajlar sunar. \u00d6rne\u011fin, modern bir apartmanda ya\u015f\u0131yorsan\u0131z, bacas\u0131z bioetanol \u015f\u00f6mineler veya duvara montelenebilen elektrikli \u015f\u00f6mineler daha uygun olabilir.<\/p>\r\n<div>\u00a0<\/div>\r\n<p data-start=\"2040\" data-end=\"2192\"><br data-start=\"2113\" data-end=\"2116\" \/><em data-start=\"2116\" data-end=\"2192\">Elektrikli \u015f\u00f6mineler, \u00f6zellikle k\u00fc\u00e7\u00fck alanlar i\u00e7in m\u00fckemmel bir tercihtir.<\/em><\/p>\r\n<h4 data-start=\"2194\" data-end=\"2221\"><strong data-start=\"2199\" data-end=\"2221\">2. Is\u0131 Verimlili\u011fi<\/strong><\/h4>\r\n<p data-start=\"2222\" data-end=\"2495\">\u015e\u00f6mineler, \u0131s\u0131nma amac\u0131n\u0131 ta\u015f\u0131r, bu y\u00fczden <strong data-start=\"2265\" data-end=\"2279\">verimlilik<\/strong> \u00f6nemlidir. Ostimbul \u015e\u00f6mine olarak, en verimli \u0131s\u0131nma \u00e7\u00f6z\u00fcmleri sunuyoruz. <strong data-start=\"2354\" data-end=\"2374\">Odunlu \u015f\u00f6mineler<\/strong>, geni\u015f alanlarda y\u00fcksek verim sa\u011flar. <strong data-start=\"2413\" data-end=\"2446\">Gazl\u0131 ve elektrikli \u015f\u00f6mineler<\/strong> ise daha pratik ve h\u0131zl\u0131 \u0131s\u0131nma \u00e7\u00f6z\u00fcmleri sunar.<\/p>\r\n<h4 data-start=\"2497\" data-end=\"2525\"><strong data-start=\"2502\" data-end=\"2525\">3. \u015e\u00f6mine Yerle\u015fimi<\/strong><\/h4>\r\n<p data-start=\"2526\" data-end=\"2751\">\u015e\u00f6minenizi yerle\u015ftirece\u011finiz oda ve odan\u0131n d\u00fczeni, \u015f\u00f6minenizin verimlili\u011fi \u00fczerinde etkili olabilir. <strong data-start=\"2627\" data-end=\"2659\">\u015e\u00f6mineyi odan\u0131n odak noktas\u0131<\/strong> yaparak, hem estetik a\u00e7\u0131dan g\u00fc\u00e7l\u00fc bir etki yaratabilir hem de daha verimli \u0131s\u0131nabilirsiniz.<\/p>\r\n<hr data-start=\"2753\" data-end=\"2756\" \/>\r\n<h3 data-start=\"2758\" data-end=\"2804\"><strong data-start=\"2762\" data-end=\"2804\">Ostimbul \u015e\u00f6mine&#8217;nin Sundu\u011fu Avantajlar<\/strong><\/h3>\r\n<h4 data-start=\"2806\" data-end=\"2838\"><strong data-start=\"2811\" data-end=\"2838\">1. Geni\u015f \u00dcr\u00fcn Yelpazesi<\/strong><\/h4>\r\n<p data-start=\"2839\" data-end=\"3027\">Ostimbul \u015e\u00f6mine, farkl\u0131 ihtiya\u00e7lara ve b\u00fct\u00e7elere hitap eden geni\u015f bir \u00fcr\u00fcn yelpazesi sunmaktad\u0131r. Modern tasar\u0131mlardan rustik g\u00f6r\u00fcn\u00fcme kadar her t\u00fcrl\u00fc stil i\u00e7in \u015f\u0131k \u00e7\u00f6z\u00fcmlerimiz bulunuyor.<\/p>\r\n<div>\u00a0<\/div>\r\n<p data-start=\"3029\" data-end=\"3158\"><br data-start=\"3091\" data-end=\"3094\" \/><em data-start=\"3094\" data-end=\"3158\">Farkl\u0131 model ve tarzda \u015f\u00f6mineler ile her zevke hitap ediyoruz.<\/em><\/p>\r\n<ul data-start=\"3160\" data-end=\"3411\">\r\n<li data-start=\"3160\" data-end=\"3244\"><strong data-start=\"3162\" data-end=\"3181\">Ah\u015fap \u015e\u00f6mineler<\/strong>: Klasik ve geleneksel tarz sevenler i\u00e7in m\u00fckemmel bir se\u00e7enek.<\/li>\r\n<li data-start=\"3245\" data-end=\"3321\"><strong data-start=\"3247\" data-end=\"3266\">Gazl\u0131 \u015e\u00f6mineler<\/strong>: Pratik ve verimli \u0131s\u0131nma \u00e7\u00f6z\u00fcm\u00fc arayanlar i\u00e7in ideal.<\/li>\r\n<li data-start=\"3322\" data-end=\"3411\"><strong data-start=\"3324\" data-end=\"3347\">Bioetanol \u015e\u00f6mineler<\/strong>: Bacas\u0131z, \u00e7evre dostu ve \u015f\u0131k bir se\u00e7enek arayanlara hitap eder.<\/li>\r\n<\/ul>\r\n<h4 data-start=\"3413\" data-end=\"3454\"><strong data-start=\"3418\" data-end=\"3454\">2. Profesyonel Montaj ve Kurulum<\/strong><\/h4>\r\n<p data-start=\"3455\" data-end=\"3666\">\u00dcr\u00fcnlerimizi sat\u0131n ald\u0131ktan sonra, <strong data-start=\"3490\" data-end=\"3509\">Ostimbul \u015e\u00f6mine<\/strong> ekibi taraf\u0131ndan profesyonel bir montaj ve kurulum hizmeti al\u0131rs\u0131n\u0131z. \u015e\u00f6minenizin g\u00fcvenli ve verimli bir \u015fekilde \u00e7al\u0131\u015fmas\u0131 i\u00e7in gerekli t\u00fcm testler yap\u0131l\u0131r.<\/p>\r\n<div>\u00a0<\/div>\r\n<p data-start=\"3668\" data-end=\"3830\"><br data-start=\"3734\" data-end=\"3737\" \/><em data-start=\"3737\" data-end=\"3830\">Uzman ekibimiz, \u015f\u0131k ve g\u00fcvenli bir kurulum yaparak \u015f\u00f6minenizin uzun \u00f6m\u00fcrl\u00fc olmas\u0131n\u0131 sa\u011flar.<\/em><\/p>\r\n<h4 data-start=\"3832\" data-end=\"3871\"><strong data-start=\"3837\" data-end=\"3871\">3. M\u00fckemmel Tasar\u0131m ve \u0130\u015f\u00e7ilik<\/strong><\/h4>\r\n<p data-start=\"3872\" data-end=\"4095\">Her bir \u015f\u00f6mine modeli, estetik a\u00e7\u0131dan evinize uyum sa\u011flayacak \u015fekilde tasarlan\u0131r. Tasar\u0131m\u0131n yan\u0131 s\u0131ra, i\u015f\u00e7ilik de olduk\u00e7a \u00f6nemli bir noktad\u0131r. Ostimbul \u015e\u00f6mine, zarif ve dayan\u0131kl\u0131 i\u015f\u00e7ilikle tasarlanm\u0131\u015f \u015f\u00f6mineler sunmaktad\u0131r.<\/p>\r\n<hr data-start=\"4097\" data-end=\"4100\" \/>\r\n<h3 data-start=\"4102\" data-end=\"4127\"><strong data-start=\"4106\" data-end=\"4127\">M\u00fc\u015fteri Yorumlar\u0131<\/strong><\/h3>\r\n<p data-start=\"4129\" data-end=\"4296\">M\u00fc\u015fterilerimizin memnuniyeti, bizim i\u00e7in her \u015feyden daha \u00f6nemlidir. \u015e\u00f6mineyi ald\u0131ktan sonra, sadece \u0131s\u0131nman\u0131n de\u011fil, evinize katt\u0131\u011f\u0131 esteti\u011fin de fark\u0131n\u0131 g\u00f6r\u00fcyorsunuz.<\/p>\r\n<blockquote data-start=\"4298\" data-end=\"4467\">\r\n<p data-start=\"4300\" data-end=\"4467\">&#8220;Ostimbul \u015e\u00f6mine&#8217;den ald\u0131\u011f\u0131m\u0131z gazl\u0131 \u015f\u00f6mine, hem \u015f\u0131k hem de \u00e7ok verimli. Kurulumlar\u0131 h\u0131zl\u0131 ve g\u00fcvenliydi. Evimize m\u00fckemmel bir s\u0131cakl\u0131k ve \u015f\u0131kl\u0131k katt\u0131.&#8221; &#8211; <strong data-start=\"4456\" data-end=\"4467\">Ayla D.<\/strong><\/p>\r\n<\/blockquote>\r\n<blockquote data-start=\"4469\" data-end=\"4630\">\r\n<p data-start=\"4471\" data-end=\"4630\">&#8220;\u00c7ok \u015f\u0131k bir elektrikli \u015f\u00f6mine ald\u0131k. K\u00fc\u00e7\u00fck apartman dairemiz i\u00e7in m\u00fckemmel bir se\u00e7im oldu. Hem \u0131s\u0131nma hem de g\u00f6rsel olarak \u00e7ok memnun kald\u0131k.&#8221; &#8211; <strong data-start=\"4617\" data-end=\"4630\">Serkan K.<\/strong><\/p>\r\n<\/blockquote>\r\n<hr data-start=\"4632\" data-end=\"4635\" \/>\r\n<h3 data-start=\"4637\" data-end=\"4689\"><strong data-start=\"4641\" data-end=\"4689\">Neden Ostimbul \u015e\u00f6mine\u2019yi Tercih Etmelisiniz?<\/strong><\/h3>\r\n<ul data-start=\"4691\" data-end=\"5123\">\r\n<li data-start=\"4691\" data-end=\"4773\"><strong data-start=\"4693\" data-end=\"4715\">Estetik Tasar\u0131mlar<\/strong>: Hem modern hem de geleneksel tarza uygun, \u015f\u0131k \u015f\u00f6mineler.<\/li>\r\n<li data-start=\"4774\" data-end=\"4871\"><strong data-start=\"4776\" data-end=\"4801\">Uzman Kurulum Hizmeti<\/strong>: \u015e\u00f6minenizin g\u00fcvenli ve verimli bir \u015fekilde kurulumu i\u00e7in uzman ekip.<\/li>\r\n<li data-start=\"4872\" data-end=\"4990\"><strong data-start=\"4874\" data-end=\"4900\">\u00c7evre Dostu Se\u00e7enekler<\/strong>: Bioetanol gibi \u00e7evre dostu yak\u0131t se\u00e7enekleri ile do\u011fay\u0131 koruyarak \u0131s\u0131n\u0131n tad\u0131n\u0131 \u00e7\u0131kar\u0131n.<\/li>\r\n<li data-start=\"4991\" data-end=\"5123\"><strong data-start=\"4993\" data-end=\"5016\">M\u00fc\u015fteri Memnuniyeti<\/strong>: Her zaman m\u00fc\u015fteri memnuniyetini \u00f6n planda tutuyor, sorular\u0131n\u0131za h\u0131zl\u0131 ve \u00e7\u00f6z\u00fcm odakl\u0131 yan\u0131tlar veriyoruz.<\/li>\r\n<\/ul>\r\n<hr data-start=\"5125\" data-end=\"5128\" \/>\r\n<h3 data-start=\"5130\" data-end=\"5149\"><strong data-start=\"5134\" data-end=\"5149\">Bize Ula\u015f\u0131n<\/strong><\/h3>\r\n<p data-start=\"5151\" data-end=\"5408\">Siz de <strong data-start=\"5158\" data-end=\"5177\">Ostimbul \u015e\u00f6mine<\/strong>\u2019nin sundu\u011fu kaliteli ve estetik \u00e7\u00f6z\u00fcmlerle evinizin havas\u0131n\u0131 de\u011fi\u015ftirin. \u015e\u00f6mine modellerimizi ke\u015ffetmek ve detayl\u0131 bilgi almak i\u00e7in bizimle ileti\u015fime ge\u00e7in. Uzman ekibimiz, size en uygun \u015f\u00f6mineyi se\u00e7meniz i\u00e7in her zaman yan\u0131n\u0131zda!<\/p>\r\n<p data-start=\"5410\" data-end=\"5509\"><strong data-start=\"5410\" data-end=\"5421\">Telefon<\/strong>: +90 123 456 78 90<br data-start=\"5440\" data-end=\"5443\" \/><strong data-start=\"5443\" data-end=\"5454\">E-posta<\/strong>: <a rel=\"noopener\" data-start=\"5456\" data-end=\"5473\">info@ostimbul.com<\/a><br data-start=\"5473\" data-end=\"5476\" \/><strong data-start=\"5476\" data-end=\"5485\">Adres<\/strong>: Ostim, Ankara, T\u00fcrkiye<\/p>\r\n<hr data-start=\"5511\" data-end=\"5514\" \/>\r\n<h3 data-start=\"5516\" data-end=\"5743\">\u00a0<\/h3>\r\n","protected":false},"excerpt":{"rendered":"<p>Ostimbul \u015e\u00f6mine: Evinize S\u0131cakl\u0131k ve Estetik Kat\u0131n Evinizin her k\u00f6\u015fesinde rahatl\u0131k ve s\u0131cakl\u0131k ar\u0131yorsan\u0131z, Ostimbul \u015e\u00f6mine olarak size en iyi \u015f\u00f6mine \u00e7\u00f6z\u00fcmlerini sunuyoruz. Y\u0131llar\u0131n verdi\u011fi &hellip; <\/p>\n","protected":false},"author":1,"featured_media":0,"parent":0,"menu_order":0,"comment_status":"closed","ping_status":"open","template":"","meta":{"footnotes":""},"class_list":["post-2","page","type-page","status-publish","hentry"],"_links":{"self":[{"href":"https:\/\/www.ostimbulsomine.com\/index.php\/wp-json\/wp\/v2\/pages\/2","targetHints":{"allow":["GET"]}}],"collection":[{"href":"https:\/\/www.ostimbulsomine.com\/index.php\/wp-json\/wp\/v2\/pages"}],"about":[{"href":"https:\/\/www.ostimbulsomine.com\/index.php\/wp-json\/wp\/v2\/types\/page"}],"author":[{"embeddable":true,"href":"https:\/\/www.ostimbulsomine.com\/index.php\/wp-json\/wp\/v2\/users\/1"}],"replies":[{"embeddable":true,"href":"https:\/\/www.ostimbulsomine.com\/index.php\/wp-json\/wp\/v2\/comments?post=2"}],"version-history":[{"count":3,"href":"https:\/\/www.ostimbulsomine.com\/index.php\/wp-json\/wp\/v2\/pages\/2\/revisions"}],"predecessor-version":[{"id":123,"href":"https:\/\/www.ostimbulsomine.com\/index.php\/wp-json\/wp\/v2\/pages\/2\/revisions\/123"}],"wp:attachment":[{"href":"https:\/\/www.ostimbulsomine.com\/index.php\/wp-json\/wp\/v2\/media?parent=2"}],"curies":[{"name":"wp","href":"https:\/\/api.w.org\/{rel}","templated":true}]}}